{"id":64,"date":"2024-05-08T13:40:22","date_gmt":"2024-05-08T13:40:22","guid":{"rendered":"http:\/\/oshpik.pl\/index.php\/reviews\/"},"modified":"2024-09-19T13:09:42","modified_gmt":"2024-09-19T13:09:42","slug":"reviews","status":"publish","type":"page","link":"https:\/\/oshpik.pl\/?page_id=64","title":{"rendered":"Wyr\u00f3b Rodow\u00f3d"},"content":{"rendered":"<style>.kb-row-layout-id64_b18d0f-21 > .kt-row-column-wrap{align-content:end;}:where(.kb-row-layout-id64_b18d0f-21 > .kt-row-column-wrap) > .wp-block-kadence-column{justify-content:end;}.kb-row-layout-id64_b18d0f-21 > .kt-row-column-wrap{column-gap:var(--global-kb-gap-md, 2rem);row-gap:var(--global-kb-gap-md, 2rem);max-width:var( --global-content-width, 1290px );padding-left:var(--global-content-edge-padding);padding-right:var(--global-content-edge-padding);padding-top:var(--global-kb-spacing-5xl, 10rem);padding-bottom:var(--global-kb-spacing-4xl, 8rem);min-height:600px;grid-template-columns:minmax(0, 1fr);}.kb-row-layout-id64_b18d0f-21{background-image:url('http:\/\/oshpik.pl\/wp-content\/uploads\/2024\/05\/adorable-dog-lying-on-floor-with-muzzle.jpeg');background-size:cover;background-position:center center;background-attachment:scroll;background-repeat:no-repeat;}.kb-row-layout-id64_b18d0f-21 > .kt-row-layout-overlay{opacity:0.85;background-color:var(--global-palette3, #1A202C);mix-blend-mode:normal;}@media all and (max-width: 1024px){.kb-row-layout-id64_b18d0f-21 > .kt-row-column-wrap{grid-template-columns:minmax(0, 1fr);}}@media all and (max-width: 767px){.kb-row-layout-id64_b18d0f-21 > .kt-row-column-wrap{padding-top:var(--global-kb-spacing-xl, 4rem);padding-bottom:var(--global-kb-spacing-xl, 4rem);grid-template-columns:minmax(0, 1fr);}}<\/style><div class=\"kb-row-layout-wrap kb-row-layout-id64_b18d0f-21 alignfull kt-row-has-bg wp-block-kadence-rowlayout\"><div class=\"kt-row-layout-overlay kt-row-overlay-normal\"><\/div><div class=\"kt-row-column-wrap kt-has-1-columns kt-row-layout-equal kt-tab-layout-inherit kt-mobile-layout-row kt-row-valign-bottom kb-theme-content-width\">\n<style>.kadence-column64_c28532-9b > .kt-inside-inner-col,.kadence-column64_c28532-9b > .kt-inside-inner-col:before{border-top-left-radius:0px;border-top-right-radius:0px;border-bottom-right-radius:0px;border-bottom-left-radius:0px;}.kadence-column64_c28532-9b > .kt-inside-inner-col{column-gap:var(--global-kb-gap-sm, 1rem);}.kadence-column64_c28532-9b > .kt-inside-inner-col{flex-direction:column;}.kadence-column64_c28532-9b > .kt-inside-inner-col > .aligncenter{width:100%;}.kadence-column64_c28532-9b > .kt-inside-inner-col:before{opacity:0.3;}.kadence-column64_c28532-9b{position:relative;}@media all and (max-width: 1024px){.kadence-column64_c28532-9b > .kt-inside-inner-col{flex-direction:column;justify-content:center;}}@media all and (max-width: 767px){.kadence-column64_c28532-9b > .kt-inside-inner-col{flex-direction:column;justify-content:center;}}<\/style>\n<div class=\"wp-block-kadence-column kadence-column64_c28532-9b inner-column-1\"><div class=\"kt-inside-inner-col\"><style>.wp-block-kadence-spacer.kt-block-spacer-64_c47146-00 .kt-block-spacer{height:40px;}.wp-block-kadence-spacer.kt-block-spacer-64_c47146-00 .kt-divider{border-top-width:1px;height:1px;border-top-color:var(--global-palette1, #3182CE);width:15%;border-top-style:solid;}<\/style>\n<div class=\"wp-block-kadence-spacer aligncenter kt-block-spacer-64_c47146-00\"><div class=\"kt-block-spacer kt-block-spacer-halign-center\"><hr class=\"kt-divider\"\/><\/div><\/div>\n\n\n<style>.wp-block-kadence-advancedheading.kt-adv-heading64_cd2eec-c2, .wp-block-kadence-advancedheading.kt-adv-heading64_cd2eec-c2[data-kb-block=\"kb-adv-heading64_cd2eec-c2\"]{padding-top:0px;margin-top:0px;text-align:center;font-size:var(--global-kb-font-size-lg, 2rem);line-height:1.1;font-style:normal;}.wp-block-kadence-advancedheading.kt-adv-heading64_cd2eec-c2 mark.kt-highlight, .wp-block-kadence-advancedheading.kt-adv-heading64_cd2eec-c2[data-kb-block=\"kb-adv-heading64_cd2eec-c2\"] mark.kt-highlight{font-style:normal;color:#f76a0c;-webkit-box-decoration-break:clone;box-decoration-break:clone;padding-top:0px;padding-right:0px;padding-bottom:0px;padding-left:0px;}@media all and (max-width: 1024px){.wp-block-kadence-advancedheading.kt-adv-heading64_cd2eec-c2, .wp-block-kadence-advancedheading.kt-adv-heading64_cd2eec-c2[data-kb-block=\"kb-adv-heading64_cd2eec-c2\"]{font-size:60px;}}@media all and (max-width: 767px){.wp-block-kadence-advancedheading.kt-adv-heading64_cd2eec-c2, .wp-block-kadence-advancedheading.kt-adv-heading64_cd2eec-c2[data-kb-block=\"kb-adv-heading64_cd2eec-c2\"]{font-size:40px;}}<\/style>\n<h1 class=\"kt-adv-heading64_cd2eec-c2 wp-block-kadence-advancedheading has-theme-palette-9-color has-text-color\" data-kb-block=\"kb-adv-heading64_cd2eec-c2\">Posiadasz nasz\u0105 metryk\u0119<\/h1>\n\n\n<style>.wp-block-kadence-advancedheading.kt-adv-heading64_4809ad-87, .wp-block-kadence-advancedheading.kt-adv-heading64_4809ad-87[data-kb-block=\"kb-adv-heading64_4809ad-87\"]{max-width:600px;margin-right:auto;margin-left:auto;text-align:center;font-style:normal;}.wp-block-kadence-advancedheading.kt-adv-heading64_4809ad-87 mark.kt-highlight, .wp-block-kadence-advancedheading.kt-adv-heading64_4809ad-87[data-kb-block=\"kb-adv-heading64_4809ad-87\"] mark.kt-highlight{font-style:normal;color:#f76a0c;-webkit-box-decoration-break:clone;box-decoration-break:clone;padding-top:0px;padding-right:0px;padding-bottom:0px;padding-left:0px;}<\/style>\n<p class=\"kt-adv-heading64_4809ad-87 wp-block-kadence-advancedheading has-theme-palette-8-color has-text-color\" data-kb-block=\"kb-adv-heading64_4809ad-87\">Poni\u017cej znajduje si\u0119 wniosek o wydanie rodowodu na podstawie metryki<\/p>\n<\/div><\/div>\n\n<\/div><\/div>\n\n<style>.kb-row-layout-id64_3df0d9-01 > .kt-row-column-wrap{align-content:center;}:where(.kb-row-layout-id64_3df0d9-01 > .kt-row-column-wrap) > .wp-block-kadence-column{justify-content:center;}.kb-row-layout-id64_3df0d9-01 > .kt-row-column-wrap{column-gap:var(--global-kb-gap-lg, 4rem);row-gap:var(--global-kb-gap-none, 0rem );max-width:var( --global-content-width, 1290px );padding-left:var(--global-content-edge-padding);padding-right:var(--global-content-edge-padding);padding-top:var(--global-kb-spacing-5xl, 10rem);padding-bottom:var(--global-kb-spacing-3xl, 6.5rem);grid-template-columns:minmax(0, calc(55% - ((var(--global-kb-gap-lg, 4rem) * 1 )\/2)))minmax(0, calc(45% - ((var(--global-kb-gap-lg, 4rem) * 1 )\/2)));}.kb-row-layout-id64_3df0d9-01{background-image:linear-gradient(90deg,var(--global-palette7,#EDF2F7) 65%,var(--global-palette9,#ffffff) 65%,var(--global-palette9,#ffffff) 65%,var(--global-palette9,#ffffff) 65%);}.kb-row-layout-id64_3df0d9-01 > .kt-row-layout-overlay{opacity:1;}@media all and (max-width: 1024px){.kb-row-layout-id64_3df0d9-01 > .kt-row-column-wrap{column-gap:var(--global-kb-gap-md, 2rem);padding-top:var(--global-kb-spacing-3xl, 6.5rem);padding-bottom:var(--global-kb-spacing-3xl, 6.5rem);grid-template-columns:repeat(2, minmax(0, 1fr));}}@media all and (max-width: 767px){.kb-row-layout-id64_3df0d9-01 > .kt-row-column-wrap{padding-top:var(--global-kb-spacing-xs, 1rem);padding-bottom:var(--global-kb-spacing-xl, 4rem);grid-template-columns:minmax(0, 1fr);}}<\/style><div class=\"kb-row-layout-wrap kb-row-layout-id64_3df0d9-01 alignfull has-theme-palette8-background-color kt-row-has-bg wp-block-kadence-rowlayout\"><div class=\"kt-row-column-wrap kt-has-2-columns kt-row-layout-equal kt-tab-layout-inherit kt-mobile-layout-row kt-row-valign-middle kb-theme-content-width\">\n<style>.kadence-column64_8339a2-d1 > .kt-inside-inner-col,.kadence-column64_8339a2-d1 > .kt-inside-inner-col:before{border-top-left-radius:0px;border-top-right-radius:0px;border-bottom-right-radius:0px;border-bottom-left-radius:0px;}.kadence-column64_8339a2-d1 > .kt-inside-inner-col{column-gap:var(--global-kb-gap-sm, 1rem);}.kadence-column64_8339a2-d1 > .kt-inside-inner-col{flex-direction:column;}.kadence-column64_8339a2-d1 > .kt-inside-inner-col > .aligncenter{width:100%;}.kadence-column64_8339a2-d1 > .kt-inside-inner-col:before{opacity:0.3;}.kadence-column64_8339a2-d1{position:relative;}@media all and (max-width: 1024px){.kadence-column64_8339a2-d1 > .kt-inside-inner-col{padding-right:0px;flex-direction:column;justify-content:center;}}@media all and (max-width: 1024px){.kadence-column64_8339a2-d1{text-align:center;}}@media all and (max-width: 767px){.kadence-column64_8339a2-d1 > .kt-inside-inner-col{flex-direction:column;justify-content:center;}}<\/style>\n<div class=\"wp-block-kadence-column kadence-column64_8339a2-d1 kb-section-dir-vertical inner-column-1\"><div class=\"kt-inside-inner-col\"><style>.wp-block-kadence-advancedheading.kt-adv-heading64_ad9fe0-23, .wp-block-kadence-advancedheading.kt-adv-heading64_ad9fe0-23[data-kb-block=\"kb-adv-heading64_ad9fe0-23\"]{margin-top:0px;margin-bottom:var(--global-kb-spacing-lg, 3rem);font-size:var(--global-kb-font-size-xxl, 4rem);line-height:1.2;font-style:normal;}.wp-block-kadence-advancedheading.kt-adv-heading64_ad9fe0-23 mark.kt-highlight, .wp-block-kadence-advancedheading.kt-adv-heading64_ad9fe0-23[data-kb-block=\"kb-adv-heading64_ad9fe0-23\"] mark.kt-highlight{font-style:normal;color:#f76a0c;-webkit-box-decoration-break:clone;box-decoration-break:clone;padding-top:0px;padding-right:0px;padding-bottom:0px;padding-left:0px;}@media all and (max-width: 1024px){.wp-block-kadence-advancedheading.kt-adv-heading64_ad9fe0-23, .wp-block-kadence-advancedheading.kt-adv-heading64_ad9fe0-23[data-kb-block=\"kb-adv-heading64_ad9fe0-23\"]{font-size:var(--global-kb-font-size-lg, 2rem);text-align:left!important;}}<\/style>\n<h1 class=\"kt-adv-heading64_ad9fe0-23 wp-block-kadence-advancedheading\" data-kb-block=\"kb-adv-heading64_ad9fe0-23\">Rodow\u00f3d OSHPiK<\/h1>\n\n\n<style>.wp-block-kadence-advancedheading.kt-adv-heading64_6c1673-66, .wp-block-kadence-advancedheading.kt-adv-heading64_6c1673-66[data-kb-block=\"kb-adv-heading64_6c1673-66\"]{font-style:normal;}.wp-block-kadence-advancedheading.kt-adv-heading64_6c1673-66 mark.kt-highlight, .wp-block-kadence-advancedheading.kt-adv-heading64_6c1673-66[data-kb-block=\"kb-adv-heading64_6c1673-66\"] mark.kt-highlight{font-style:normal;color:#f76a0c;-webkit-box-decoration-break:clone;box-decoration-break:clone;padding-top:0px;padding-right:0px;padding-bottom:0px;padding-left:0px;}@media all and (max-width: 1024px){.wp-block-kadence-advancedheading.kt-adv-heading64_6c1673-66, .wp-block-kadence-advancedheading.kt-adv-heading64_6c1673-66[data-kb-block=\"kb-adv-heading64_6c1673-66\"]{text-align:left!important;}}<\/style>\n<p class=\"kt-adv-heading64_6c1673-66 wp-block-kadence-advancedheading has-theme-palette-4-color has-text-color\" data-kb-block=\"kb-adv-heading64_6c1673-66\">Posiadasz nasz\u0105 metryk\u0119 i chceszj\u0105 wymieni\u0107 na rodow\u00f3d ?<br>Z\u0142\u00f3\u017c wniosek skontaktujemy si\u0119 z tob\u0105.<\/p>\n\n\n<style>.wp-block-kadence-advancedbtn.kb-btns64_e38a91-e8{gap:var(--global-kb-gap-xs, 0.5rem );justify-content:flex-start;align-items:center;}.kt-btns64_e38a91-e8 .kt-button{font-weight:normal;font-style:normal;}.kt-btns64_e38a91-e8 .kt-btn-wrap-0{margin-right:5px;}.wp-block-kadence-advancedbtn.kt-btns64_e38a91-e8 .kt-btn-wrap-0 .kt-button{color:#555555;border-color:#555555;}.wp-block-kadence-advancedbtn.kt-btns64_e38a91-e8 .kt-btn-wrap-0 .kt-button:hover, .wp-block-kadence-advancedbtn.kt-btns64_e38a91-e8 .kt-btn-wrap-0 .kt-button:focus{color:#ffffff;border-color:#444444;}.wp-block-kadence-advancedbtn.kt-btns64_e38a91-e8 .kt-btn-wrap-0 .kt-button::before{display:none;}.wp-block-kadence-advancedbtn.kt-btns64_e38a91-e8 .kt-btn-wrap-0 .kt-button:hover, .wp-block-kadence-advancedbtn.kt-btns64_e38a91-e8 .kt-btn-wrap-0 .kt-button:focus{background:#444444;}@media all and (max-width: 1024px){.wp-block-kadence-advancedbtn.kb-btns64_e38a91-e8{justify-content:flex-start;}}<\/style>\n<div class=\"wp-block-kadence-advancedbtn kb-buttons-wrap kb-btns64_e38a91-e8\"><style>ul.menu .wp-block-kadence-advancedbtn .kb-btn64_cfd8a8-b3.kb-button{width:initial;}.wp-block-kadence-advancedbtn .kb-btn64_cfd8a8-b3.kb-button{font-size:var(--global-kb-font-size-sm, 0.9rem);letter-spacing:1px;text-transform:uppercase;}<\/style><a class=\"kb-button kt-button button kb-btn64_cfd8a8-b3 kt-btn-size-standard kt-btn-width-type-auto kb-btn-global-inherit kt-btn-has-text-true kt-btn-has-svg-false wp-block-button__link wp-block-kadence-singlebtn\" href=\"https:\/\/oshpik.pl\/?page_id=208\"><span class=\"kt-btn-inner-text\">Przejd\u017a do wniosku<\/span><\/a><\/div>\n<\/div><\/div>\n\n\n<style>.kadence-column64_e1d112-71 > .kt-inside-inner-col,.kadence-column64_e1d112-71 > .kt-inside-inner-col:before{border-top-left-radius:0px;border-top-right-radius:0px;border-bottom-right-radius:0px;border-bottom-left-radius:0px;}.kadence-column64_e1d112-71 > .kt-inside-inner-col{column-gap:var(--global-kb-gap-sm, 1rem);}.kadence-column64_e1d112-71 > .kt-inside-inner-col{flex-direction:column;}.kadence-column64_e1d112-71 > .kt-inside-inner-col > .aligncenter{width:100%;}.kadence-column64_e1d112-71 > .kt-inside-inner-col:before{opacity:0.3;}.kadence-column64_e1d112-71{position:relative;}@media all and (max-width: 1024px){.kadence-column64_e1d112-71 > .kt-inside-inner-col{flex-direction:column;justify-content:center;}}@media all and (max-width: 767px){.kadence-column64_e1d112-71 > .kt-inside-inner-col{flex-direction:column;justify-content:center;}}<\/style>\n<div class=\"wp-block-kadence-column kadence-column64_e1d112-71 inner-column-2\"><div class=\"kt-inside-inner-col\"><style>.kb-image64_8f7760-d5 .kb-image-has-overlay:after{opacity:0.3;border-top-left-radius:15px;border-top-right-radius:15px;border-bottom-right-radius:15px;border-bottom-left-radius:15px;}.kb-image64_8f7760-d5 img.kb-img, .kb-image64_8f7760-d5 .kb-img img{border-top-left-radius:15px;border-top-right-radius:15px;border-bottom-right-radius:15px;border-bottom-left-radius:15px;}@media all and (max-width: 767px){.wp-block-kadence-image.kb-image64_8f7760-d5:not(.kb-specificity-added):not(.kb-extra-specificity-added){margin-right:0px;margin-left:0px;}}<\/style>\n<figure class=\"wp-block-kadence-image kb-image64_8f7760-d5 size-large kb-image-is-ratio-size\"><div class=\"kb-is-ratio-image kb-image-ratio-square\"><img loading=\"lazy\" decoding=\"async\" width=\"1024\" height=\"856\" src=\"https:\/\/oshpik.pl\/wp-content\/uploads\/2024\/05\/68612ced-7846-4fa7-8714-b36c0250510e-1024x856.png\" alt=\"\" class=\"kb-img wp-image-145\" srcset=\"https:\/\/oshpik.pl\/wp-content\/uploads\/2024\/05\/68612ced-7846-4fa7-8714-b36c0250510e-1024x856.png 1024w, https:\/\/oshpik.pl\/wp-content\/uploads\/2024\/05\/68612ced-7846-4fa7-8714-b36c0250510e-300x251.png 300w, https:\/\/oshpik.pl\/wp-content\/uploads\/2024\/05\/68612ced-7846-4fa7-8714-b36c0250510e-768x642.png 768w, https:\/\/oshpik.pl\/wp-content\/uploads\/2024\/05\/68612ced-7846-4fa7-8714-b36c0250510e-1536x1285.png 1536w, https:\/\/oshpik.pl\/wp-content\/uploads\/2024\/05\/68612ced-7846-4fa7-8714-b36c0250510e-2048x1713.png 2048w, https:\/\/oshpik.pl\/wp-content\/uploads\/2024\/05\/68612ced-7846-4fa7-8714-b36c0250510e-600x502.png 600w\" sizes=\"auto, (max-width: 1024px) 100vw, 1024px\" \/><\/div><\/figure>\n<\/div><\/div>\n\n<\/div><\/div>","protected":false},"excerpt":{"rendered":"<p>Posiadasz nasz\u0105 metryk\u0119 Poni\u017cej znajduje si\u0119 wniosek o wydanie rodowodu na podstawie metryki Rodow\u00f3d OSHPiK Posiadasz nasz\u0105 metryk\u0119 i chceszj\u0105 wymieni\u0107 na rodow\u00f3d ?Z\u0142\u00f3\u017c wniosek skontaktujemy si\u0119 z tob\u0105.<\/p>\n","protected":false},"author":1,"featured_media":0,"parent":0,"menu_order":0,"comment_status":"closed","ping_status":"closed","template":"","meta":{"_kadence_starter_templates_imported_post":true,"_kad_post_transparent":"","_kad_post_title":"hide","_kad_post_layout":"fullwidth","_kad_post_sidebar_id":"","_kad_post_content_style":"unboxed","_kad_post_vertical_padding":"hide","_kad_post_feature":"hide","_kad_post_feature_position":"","_kad_post_header":false,"_kad_post_footer":false,"footnotes":""},"class_list":["post-64","page","type-page","status-publish","hentry"],"yoast_head":"<!-- This site is optimized with the Yoast SEO plugin v25.4 - https:\/\/yoast.com\/wordpress\/plugins\/seo\/ -->\n<title>Wyr\u00f3b Rodow\u00f3d - OSHPiK<\/title>\n<meta name=\"description\" content=\"Opolskie Stowarzyszenie Hodowc\u00f3w Ps\u00f3w i Kot\u00f3w (OSHPiK) \u2013 profesjonalna organizacja zrzeszaj\u0105ca hodowc\u00f3w rasowych ps\u00f3w i kot\u00f3w. Oferujemy legalizacj\u0119 hodowli ps\u00f3w i kot\u00f3w oraz wspieramy rozw\u00f3j hodowli rasowych. Do\u0142\u0105cz do nas i rozwijaj swoj\u0105 pasj\u0119\" \/>\n<meta name=\"robots\" content=\"index, follow, max-snippet:-1, max-image-preview:large, max-video-preview:-1\" \/>\n<link rel=\"canonical\" href=\"https:\/\/oshpik.pl\/?page_id=64\" \/>\n<meta property=\"og:locale\" content=\"pl_PL\" \/>\n<meta property=\"og:type\" content=\"article\" \/>\n<meta property=\"og:title\" content=\"Wyr\u00f3b Rodow\u00f3d - OSHPiK\" \/>\n<meta property=\"og:description\" content=\"Opolskie Stowarzyszenie Hodowc\u00f3w Ps\u00f3w i Kot\u00f3w (OSHPiK) \u2013 profesjonalna organizacja zrzeszaj\u0105ca hodowc\u00f3w rasowych ps\u00f3w i kot\u00f3w. Oferujemy legalizacj\u0119 hodowli ps\u00f3w i kot\u00f3w oraz wspieramy rozw\u00f3j hodowli rasowych. Do\u0142\u0105cz do nas i rozwijaj swoj\u0105 pasj\u0119\" \/>\n<meta property=\"og:url\" content=\"https:\/\/oshpik.pl\/?page_id=64\" \/>\n<meta property=\"og:site_name\" content=\"OSHPiK\" \/>\n<meta property=\"article:modified_time\" content=\"2024-09-19T13:09:42+00:00\" \/>\n<meta property=\"og:image\" content=\"https:\/\/oshpik.pl\/wp-content\/uploads\/2024\/05\/68612ced-7846-4fa7-8714-b36c0250510e-1024x856.png\" \/>\n<meta name=\"twitter:card\" content=\"summary_large_image\" \/>\n<meta name=\"twitter:label1\" content=\"Szacowany czas czytania\" \/>\n\t<meta name=\"twitter:data1\" content=\"1 minuta\" \/>\n<script type=\"application\/ld+json\" class=\"yoast-schema-graph\">{\"@context\":\"https:\/\/schema.org\",\"@graph\":[{\"@type\":\"WebPage\",\"@id\":\"https:\/\/oshpik.pl\/?page_id=64\",\"url\":\"https:\/\/oshpik.pl\/?page_id=64\",\"name\":\"Wyr\u00f3b Rodow\u00f3d - OSHPiK\",\"isPartOf\":{\"@id\":\"https:\/\/oshpik.pl\/#website\"},\"primaryImageOfPage\":{\"@id\":\"https:\/\/oshpik.pl\/?page_id=64#primaryimage\"},\"image\":{\"@id\":\"https:\/\/oshpik.pl\/?page_id=64#primaryimage\"},\"thumbnailUrl\":\"https:\/\/oshpik.pl\/wp-content\/uploads\/2024\/05\/68612ced-7846-4fa7-8714-b36c0250510e-1024x856.png\",\"datePublished\":\"2024-05-08T13:40:22+00:00\",\"dateModified\":\"2024-09-19T13:09:42+00:00\",\"description\":\"Opolskie Stowarzyszenie Hodowc\u00f3w Ps\u00f3w i Kot\u00f3w (OSHPiK) \u2013 profesjonalna organizacja zrzeszaj\u0105ca hodowc\u00f3w rasowych ps\u00f3w i kot\u00f3w. Oferujemy legalizacj\u0119 hodowli ps\u00f3w i kot\u00f3w oraz wspieramy rozw\u00f3j hodowli rasowych. Do\u0142\u0105cz do nas i rozwijaj swoj\u0105 pasj\u0119\",\"breadcrumb\":{\"@id\":\"https:\/\/oshpik.pl\/?page_id=64#breadcrumb\"},\"inLanguage\":\"pl-PL\",\"potentialAction\":[{\"@type\":\"ReadAction\",\"target\":[\"https:\/\/oshpik.pl\/?page_id=64\"]}]},{\"@type\":\"ImageObject\",\"inLanguage\":\"pl-PL\",\"@id\":\"https:\/\/oshpik.pl\/?page_id=64#primaryimage\",\"url\":\"https:\/\/oshpik.pl\/wp-content\/uploads\/2024\/05\/68612ced-7846-4fa7-8714-b36c0250510e.png\",\"contentUrl\":\"https:\/\/oshpik.pl\/wp-content\/uploads\/2024\/05\/68612ced-7846-4fa7-8714-b36c0250510e.png\",\"width\":2720,\"height\":2275},{\"@type\":\"BreadcrumbList\",\"@id\":\"https:\/\/oshpik.pl\/?page_id=64#breadcrumb\",\"itemListElement\":[{\"@type\":\"ListItem\",\"position\":1,\"name\":\"Strona g\u0142\u00f3wna\",\"item\":\"https:\/\/oshpik.pl\/\"},{\"@type\":\"ListItem\",\"position\":2,\"name\":\"Wyr\u00f3b Rodow\u00f3d\"}]},{\"@type\":\"WebSite\",\"@id\":\"https:\/\/oshpik.pl\/#website\",\"url\":\"https:\/\/oshpik.pl\/\",\"name\":\"OSHPiK\",\"description\":\"Jeste\u015bmy tutaj dla Ciebie\",\"publisher\":{\"@id\":\"https:\/\/oshpik.pl\/#organization\"},\"alternateName\":\"Opolskie Stowarzyszenie Hodowc\u00f3w Ps\u00f3w i Kot\u00f3w\",\"potentialAction\":[{\"@type\":\"SearchAction\",\"target\":{\"@type\":\"EntryPoint\",\"urlTemplate\":\"https:\/\/oshpik.pl\/?s={search_term_string}\"},\"query-input\":{\"@type\":\"PropertyValueSpecification\",\"valueRequired\":true,\"valueName\":\"search_term_string\"}}],\"inLanguage\":\"pl-PL\"},{\"@type\":\"Organization\",\"@id\":\"https:\/\/oshpik.pl\/#organization\",\"name\":\"Opolskie Stowarzyszenie Hodowc\u00f3w Ps\u00f3w i Kot\u00f3w\",\"alternateName\":\"OSHPiK\",\"url\":\"https:\/\/oshpik.pl\/\",\"logo\":{\"@type\":\"ImageObject\",\"inLanguage\":\"pl-PL\",\"@id\":\"https:\/\/oshpik.pl\/#\/schema\/logo\/image\/\",\"url\":\"https:\/\/oshpik.pl\/wp-content\/uploads\/2024\/05\/cropped-OSHPiK-LOGO.png\",\"contentUrl\":\"https:\/\/oshpik.pl\/wp-content\/uploads\/2024\/05\/cropped-OSHPiK-LOGO.png\",\"width\":512,\"height\":512,\"caption\":\"Opolskie Stowarzyszenie Hodowc\u00f3w Ps\u00f3w i Kot\u00f3w\"},\"image\":{\"@id\":\"https:\/\/oshpik.pl\/#\/schema\/logo\/image\/\"}}]}<\/script>\n<!-- \/ Yoast SEO plugin. -->","yoast_head_json":{"title":"Wyr\u00f3b Rodow\u00f3d - OSHPiK","description":"Opolskie Stowarzyszenie Hodowc\u00f3w Ps\u00f3w i Kot\u00f3w (OSHPiK) \u2013 profesjonalna organizacja zrzeszaj\u0105ca hodowc\u00f3w rasowych ps\u00f3w i kot\u00f3w. Oferujemy legalizacj\u0119 hodowli ps\u00f3w i kot\u00f3w oraz wspieramy rozw\u00f3j hodowli rasowych. Do\u0142\u0105cz do nas i rozwijaj swoj\u0105 pasj\u0119","robots":{"index":"index","follow":"follow","max-snippet":"max-snippet:-1","max-image-preview":"max-image-preview:large","max-video-preview":"max-video-preview:-1"},"canonical":"https:\/\/oshpik.pl\/?page_id=64","og_locale":"pl_PL","og_type":"article","og_title":"Wyr\u00f3b Rodow\u00f3d - OSHPiK","og_description":"Opolskie Stowarzyszenie Hodowc\u00f3w Ps\u00f3w i Kot\u00f3w (OSHPiK) \u2013 profesjonalna organizacja zrzeszaj\u0105ca hodowc\u00f3w rasowych ps\u00f3w i kot\u00f3w. Oferujemy legalizacj\u0119 hodowli ps\u00f3w i kot\u00f3w oraz wspieramy rozw\u00f3j hodowli rasowych. Do\u0142\u0105cz do nas i rozwijaj swoj\u0105 pasj\u0119","og_url":"https:\/\/oshpik.pl\/?page_id=64","og_site_name":"OSHPiK","article_modified_time":"2024-09-19T13:09:42+00:00","og_image":[{"url":"https:\/\/oshpik.pl\/wp-content\/uploads\/2024\/05\/68612ced-7846-4fa7-8714-b36c0250510e-1024x856.png","type":"","width":"","height":""}],"twitter_card":"summary_large_image","twitter_misc":{"Szacowany czas czytania":"1 minuta"},"schema":{"@context":"https:\/\/schema.org","@graph":[{"@type":"WebPage","@id":"https:\/\/oshpik.pl\/?page_id=64","url":"https:\/\/oshpik.pl\/?page_id=64","name":"Wyr\u00f3b Rodow\u00f3d - OSHPiK","isPartOf":{"@id":"https:\/\/oshpik.pl\/#website"},"primaryImageOfPage":{"@id":"https:\/\/oshpik.pl\/?page_id=64#primaryimage"},"image":{"@id":"https:\/\/oshpik.pl\/?page_id=64#primaryimage"},"thumbnailUrl":"https:\/\/oshpik.pl\/wp-content\/uploads\/2024\/05\/68612ced-7846-4fa7-8714-b36c0250510e-1024x856.png","datePublished":"2024-05-08T13:40:22+00:00","dateModified":"2024-09-19T13:09:42+00:00","description":"Opolskie Stowarzyszenie Hodowc\u00f3w Ps\u00f3w i Kot\u00f3w (OSHPiK) \u2013 profesjonalna organizacja zrzeszaj\u0105ca hodowc\u00f3w rasowych ps\u00f3w i kot\u00f3w. Oferujemy legalizacj\u0119 hodowli ps\u00f3w i kot\u00f3w oraz wspieramy rozw\u00f3j hodowli rasowych. Do\u0142\u0105cz do nas i rozwijaj swoj\u0105 pasj\u0119","breadcrumb":{"@id":"https:\/\/oshpik.pl\/?page_id=64#breadcrumb"},"inLanguage":"pl-PL","potentialAction":[{"@type":"ReadAction","target":["https:\/\/oshpik.pl\/?page_id=64"]}]},{"@type":"ImageObject","inLanguage":"pl-PL","@id":"https:\/\/oshpik.pl\/?page_id=64#primaryimage","url":"https:\/\/oshpik.pl\/wp-content\/uploads\/2024\/05\/68612ced-7846-4fa7-8714-b36c0250510e.png","contentUrl":"https:\/\/oshpik.pl\/wp-content\/uploads\/2024\/05\/68612ced-7846-4fa7-8714-b36c0250510e.png","width":2720,"height":2275},{"@type":"BreadcrumbList","@id":"https:\/\/oshpik.pl\/?page_id=64#breadcrumb","itemListElement":[{"@type":"ListItem","position":1,"name":"Strona g\u0142\u00f3wna","item":"https:\/\/oshpik.pl\/"},{"@type":"ListItem","position":2,"name":"Wyr\u00f3b Rodow\u00f3d"}]},{"@type":"WebSite","@id":"https:\/\/oshpik.pl\/#website","url":"https:\/\/oshpik.pl\/","name":"OSHPiK","description":"Jeste\u015bmy tutaj dla Ciebie","publisher":{"@id":"https:\/\/oshpik.pl\/#organization"},"alternateName":"Opolskie Stowarzyszenie Hodowc\u00f3w Ps\u00f3w i Kot\u00f3w","potentialAction":[{"@type":"SearchAction","target":{"@type":"EntryPoint","urlTemplate":"https:\/\/oshpik.pl\/?s={search_term_string}"},"query-input":{"@type":"PropertyValueSpecification","valueRequired":true,"valueName":"search_term_string"}}],"inLanguage":"pl-PL"},{"@type":"Organization","@id":"https:\/\/oshpik.pl\/#organization","name":"Opolskie Stowarzyszenie Hodowc\u00f3w Ps\u00f3w i Kot\u00f3w","alternateName":"OSHPiK","url":"https:\/\/oshpik.pl\/","logo":{"@type":"ImageObject","inLanguage":"pl-PL","@id":"https:\/\/oshpik.pl\/#\/schema\/logo\/image\/","url":"https:\/\/oshpik.pl\/wp-content\/uploads\/2024\/05\/cropped-OSHPiK-LOGO.png","contentUrl":"https:\/\/oshpik.pl\/wp-content\/uploads\/2024\/05\/cropped-OSHPiK-LOGO.png","width":512,"height":512,"caption":"Opolskie Stowarzyszenie Hodowc\u00f3w Ps\u00f3w i Kot\u00f3w"},"image":{"@id":"https:\/\/oshpik.pl\/#\/schema\/logo\/image\/"}}]}},"_links":{"self":[{"href":"https:\/\/oshpik.pl\/index.php?rest_route=\/wp\/v2\/pages\/64","targetHints":{"allow":["GET"]}}],"collection":[{"href":"https:\/\/oshpik.pl\/index.php?rest_route=\/wp\/v2\/pages"}],"about":[{"href":"https:\/\/oshpik.pl\/index.php?rest_route=\/wp\/v2\/types\/page"}],"author":[{"embeddable":true,"href":"https:\/\/oshpik.pl\/index.php?rest_route=\/wp\/v2\/users\/1"}],"replies":[{"embeddable":true,"href":"https:\/\/oshpik.pl\/index.php?rest_route=%2Fwp%2Fv2%2Fcomments&post=64"}],"version-history":[{"count":3,"href":"https:\/\/oshpik.pl\/index.php?rest_route=\/wp\/v2\/pages\/64\/revisions"}],"predecessor-version":[{"id":211,"href":"https:\/\/oshpik.pl\/index.php?rest_route=\/wp\/v2\/pages\/64\/revisions\/211"}],"wp:attachment":[{"href":"https:\/\/oshpik.pl\/index.php?rest_route=%2Fwp%2Fv2%2Fmedia&parent=64"}],"curies":[{"name":"wp","href":"https:\/\/api.w.org\/{rel}","templated":true}]}}