{"id":167,"date":"2024-05-15T03:30:27","date_gmt":"2024-05-15T03:30:27","guid":{"rendered":"https:\/\/oshpik.pl\/?page_id=167"},"modified":"2024-09-19T12:58:27","modified_gmt":"2024-09-19T12:58:27","slug":"deklaracja-czlonkowska","status":"publish","type":"page","link":"https:\/\/oshpik.pl\/?page_id=167","title":{"rendered":"Deklaracja Cz\u0142onkowska"},"content":{"rendered":"<form id=\"forminator-module-185\" class=\"forminator-custom-form forminator-custom-form-185\" method=\"post\" data-forminator-render=\"0\" data-uid=\"69e3495beb2d2\"><div role=\"alert\" aria-live=\"polite\" class=\"forminator-response-message forminator-error\" aria-hidden=\"true\"><\/div><\/form>\n\n\n<style>.wp-block-kadence-advancedbtn.kb-btns167_39e4a6-9b{gap:var(--global-kb-gap-xs, 0.5rem );justify-content:center;align-items:center;}.kt-btns167_39e4a6-9b .kt-button{font-weight:normal;font-style:normal;}.kt-btns167_39e4a6-9b .kt-btn-wrap-0{margin-right:5px;}.wp-block-kadence-advancedbtn.kt-btns167_39e4a6-9b .kt-btn-wrap-0 .kt-button{color:#555555;border-color:#555555;}.wp-block-kadence-advancedbtn.kt-btns167_39e4a6-9b .kt-btn-wrap-0 .kt-button:hover, .wp-block-kadence-advancedbtn.kt-btns167_39e4a6-9b .kt-btn-wrap-0 .kt-button:focus{color:#ffffff;border-color:#444444;}.wp-block-kadence-advancedbtn.kt-btns167_39e4a6-9b .kt-btn-wrap-0 .kt-button::before{display:none;}.wp-block-kadence-advancedbtn.kt-btns167_39e4a6-9b .kt-btn-wrap-0 .kt-button:hover, .wp-block-kadence-advancedbtn.kt-btns167_39e4a6-9b .kt-btn-wrap-0 .kt-button:focus{background:#444444;}<\/style>\n<div class=\"wp-block-kadence-advancedbtn kb-buttons-wrap kb-btns167_39e4a6-9b\"><style>ul.menu .wp-block-kadence-advancedbtn .kb-btn167_dba392-ba.kb-button{width:initial;}<\/style><a class=\"kb-button kt-button button kb-btn167_dba392-ba kt-btn-size-standard kt-btn-width-type-auto kb-btn-global-fill kt-btn-has-text-true kt-btn-has-svg-false wp-block-kadence-singlebtn\" href=\"https:\/\/oshpik.pl\/?page_id=65\"><span class=\"kt-btn-inner-text\">Wr\u00f3\u0107 do wniosk\u00f3w<\/span><\/a><\/div>\n","protected":false},"excerpt":{"rendered":"","protected":false},"author":1,"featured_media":0,"parent":0,"menu_order":0,"comment_status":"closed","ping_status":"closed","template":"","meta":{"_kadence_starter_templates_imported_post":false,"_kad_post_transparent":"","_kad_post_title":"","_kad_post_layout":"","_kad_post_sidebar_id":"","_kad_post_content_style":"","_kad_post_vertical_padding":"","_kad_post_feature":"","_kad_post_feature_position":"","_kad_post_header":false,"_kad_post_footer":false,"footnotes":""},"class_list":["post-167","page","type-page","status-publish","hentry"],"yoast_head":"<!-- This site is optimized with the Yoast SEO plugin v25.4 - https:\/\/yoast.com\/wordpress\/plugins\/seo\/ -->\n<title>Deklaracja Cz\u0142onkowska - OSHPiK<\/title>\n<meta name=\"description\" content=\"Opolskie Stowarzyszenie Hodowc\u00f3w Ps\u00f3w i Kot\u00f3w (OSHPiK) \u2013 profesjonalna organizacja zrzeszaj\u0105ca hodowc\u00f3w rasowych ps\u00f3w i kot\u00f3w. Oferujemy legalizacj\u0119 hodowli ps\u00f3w i kot\u00f3w oraz wspieramy rozw\u00f3j hodowli rasowych. Do\u0142\u0105cz do nas i rozwijaj swoj\u0105 pasj\u0119\" \/>\n<meta name=\"robots\" content=\"index, follow, max-snippet:-1, max-image-preview:large, max-video-preview:-1\" \/>\n<link rel=\"canonical\" href=\"https:\/\/oshpik.pl\/?page_id=167\" \/>\n<meta property=\"og:locale\" content=\"pl_PL\" \/>\n<meta property=\"og:type\" content=\"article\" \/>\n<meta property=\"og:title\" content=\"Deklaracja Cz\u0142onkowska - OSHPiK\" \/>\n<meta property=\"og:description\" content=\"Opolskie Stowarzyszenie Hodowc\u00f3w Ps\u00f3w i Kot\u00f3w (OSHPiK) \u2013 profesjonalna organizacja zrzeszaj\u0105ca hodowc\u00f3w rasowych ps\u00f3w i kot\u00f3w. Oferujemy legalizacj\u0119 hodowli ps\u00f3w i kot\u00f3w oraz wspieramy rozw\u00f3j hodowli rasowych. Do\u0142\u0105cz do nas i rozwijaj swoj\u0105 pasj\u0119\" \/>\n<meta property=\"og:url\" content=\"https:\/\/oshpik.pl\/?page_id=167\" \/>\n<meta property=\"og:site_name\" content=\"OSHPiK\" \/>\n<meta property=\"article:modified_time\" content=\"2024-09-19T12:58:27+00:00\" \/>\n<meta property=\"og:image\" content=\"https:\/\/oshpik.pl\/wp-content\/uploads\/2024\/05\/282EFC56-B131-4CA5-A58F-6B4BC6C7C88E.jpeg\" \/>\n\t<meta property=\"og:image:width\" content=\"734\" \/>\n\t<meta property=\"og:image:height\" content=\"757\" \/>\n\t<meta property=\"og:image:type\" content=\"image\/jpeg\" \/>\n<meta name=\"twitter:card\" content=\"summary_large_image\" \/>\n<meta name=\"twitter:label1\" content=\"Szacowany czas czytania\" \/>\n\t<meta name=\"twitter:data1\" content=\"1 minuta\" \/>\n<script type=\"application\/ld+json\" class=\"yoast-schema-graph\">{\"@context\":\"https:\/\/schema.org\",\"@graph\":[{\"@type\":\"WebPage\",\"@id\":\"https:\/\/oshpik.pl\/?page_id=167\",\"url\":\"https:\/\/oshpik.pl\/?page_id=167\",\"name\":\"Deklaracja Cz\u0142onkowska - OSHPiK\",\"isPartOf\":{\"@id\":\"https:\/\/oshpik.pl\/#website\"},\"datePublished\":\"2024-05-15T03:30:27+00:00\",\"dateModified\":\"2024-09-19T12:58:27+00:00\",\"description\":\"Opolskie Stowarzyszenie Hodowc\u00f3w Ps\u00f3w i Kot\u00f3w (OSHPiK) \u2013 profesjonalna organizacja zrzeszaj\u0105ca hodowc\u00f3w rasowych ps\u00f3w i kot\u00f3w. Oferujemy legalizacj\u0119 hodowli ps\u00f3w i kot\u00f3w oraz wspieramy rozw\u00f3j hodowli rasowych. Do\u0142\u0105cz do nas i rozwijaj swoj\u0105 pasj\u0119\",\"breadcrumb\":{\"@id\":\"https:\/\/oshpik.pl\/?page_id=167#breadcrumb\"},\"inLanguage\":\"pl-PL\",\"potentialAction\":[{\"@type\":\"ReadAction\",\"target\":[\"https:\/\/oshpik.pl\/?page_id=167\"]}]},{\"@type\":\"BreadcrumbList\",\"@id\":\"https:\/\/oshpik.pl\/?page_id=167#breadcrumb\",\"itemListElement\":[{\"@type\":\"ListItem\",\"position\":1,\"name\":\"Strona g\u0142\u00f3wna\",\"item\":\"https:\/\/oshpik.pl\/\"},{\"@type\":\"ListItem\",\"position\":2,\"name\":\"Deklaracja Cz\u0142onkowska\"}]},{\"@type\":\"WebSite\",\"@id\":\"https:\/\/oshpik.pl\/#website\",\"url\":\"https:\/\/oshpik.pl\/\",\"name\":\"OSHPiK\",\"description\":\"Jeste\u015bmy tutaj dla Ciebie\",\"publisher\":{\"@id\":\"https:\/\/oshpik.pl\/#organization\"},\"alternateName\":\"Opolskie Stowarzyszenie Hodowc\u00f3w Ps\u00f3w i Kot\u00f3w\",\"potentialAction\":[{\"@type\":\"SearchAction\",\"target\":{\"@type\":\"EntryPoint\",\"urlTemplate\":\"https:\/\/oshpik.pl\/?s={search_term_string}\"},\"query-input\":{\"@type\":\"PropertyValueSpecification\",\"valueRequired\":true,\"valueName\":\"search_term_string\"}}],\"inLanguage\":\"pl-PL\"},{\"@type\":\"Organization\",\"@id\":\"https:\/\/oshpik.pl\/#organization\",\"name\":\"Opolskie Stowarzyszenie Hodowc\u00f3w Ps\u00f3w i Kot\u00f3w\",\"alternateName\":\"OSHPiK\",\"url\":\"https:\/\/oshpik.pl\/\",\"logo\":{\"@type\":\"ImageObject\",\"inLanguage\":\"pl-PL\",\"@id\":\"https:\/\/oshpik.pl\/#\/schema\/logo\/image\/\",\"url\":\"https:\/\/oshpik.pl\/wp-content\/uploads\/2024\/05\/cropped-OSHPiK-LOGO.png\",\"contentUrl\":\"https:\/\/oshpik.pl\/wp-content\/uploads\/2024\/05\/cropped-OSHPiK-LOGO.png\",\"width\":512,\"height\":512,\"caption\":\"Opolskie Stowarzyszenie Hodowc\u00f3w Ps\u00f3w i Kot\u00f3w\"},\"image\":{\"@id\":\"https:\/\/oshpik.pl\/#\/schema\/logo\/image\/\"}}]}<\/script>\n<!-- \/ Yoast SEO plugin. -->","yoast_head_json":{"title":"Deklaracja Cz\u0142onkowska - OSHPiK","description":"Opolskie Stowarzyszenie Hodowc\u00f3w Ps\u00f3w i Kot\u00f3w (OSHPiK) \u2013 profesjonalna organizacja zrzeszaj\u0105ca hodowc\u00f3w rasowych ps\u00f3w i kot\u00f3w. Oferujemy legalizacj\u0119 hodowli ps\u00f3w i kot\u00f3w oraz wspieramy rozw\u00f3j hodowli rasowych. Do\u0142\u0105cz do nas i rozwijaj swoj\u0105 pasj\u0119","robots":{"index":"index","follow":"follow","max-snippet":"max-snippet:-1","max-image-preview":"max-image-preview:large","max-video-preview":"max-video-preview:-1"},"canonical":"https:\/\/oshpik.pl\/?page_id=167","og_locale":"pl_PL","og_type":"article","og_title":"Deklaracja Cz\u0142onkowska - OSHPiK","og_description":"Opolskie Stowarzyszenie Hodowc\u00f3w Ps\u00f3w i Kot\u00f3w (OSHPiK) \u2013 profesjonalna organizacja zrzeszaj\u0105ca hodowc\u00f3w rasowych ps\u00f3w i kot\u00f3w. Oferujemy legalizacj\u0119 hodowli ps\u00f3w i kot\u00f3w oraz wspieramy rozw\u00f3j hodowli rasowych. Do\u0142\u0105cz do nas i rozwijaj swoj\u0105 pasj\u0119","og_url":"https:\/\/oshpik.pl\/?page_id=167","og_site_name":"OSHPiK","article_modified_time":"2024-09-19T12:58:27+00:00","og_image":[{"width":734,"height":757,"url":"https:\/\/oshpik.pl\/wp-content\/uploads\/2024\/05\/282EFC56-B131-4CA5-A58F-6B4BC6C7C88E.jpeg","type":"image\/jpeg"}],"twitter_card":"summary_large_image","twitter_misc":{"Szacowany czas czytania":"1 minuta"},"schema":{"@context":"https:\/\/schema.org","@graph":[{"@type":"WebPage","@id":"https:\/\/oshpik.pl\/?page_id=167","url":"https:\/\/oshpik.pl\/?page_id=167","name":"Deklaracja Cz\u0142onkowska - OSHPiK","isPartOf":{"@id":"https:\/\/oshpik.pl\/#website"},"datePublished":"2024-05-15T03:30:27+00:00","dateModified":"2024-09-19T12:58:27+00:00","description":"Opolskie Stowarzyszenie Hodowc\u00f3w Ps\u00f3w i Kot\u00f3w (OSHPiK) \u2013 profesjonalna organizacja zrzeszaj\u0105ca hodowc\u00f3w rasowych ps\u00f3w i kot\u00f3w. Oferujemy legalizacj\u0119 hodowli ps\u00f3w i kot\u00f3w oraz wspieramy rozw\u00f3j hodowli rasowych. Do\u0142\u0105cz do nas i rozwijaj swoj\u0105 pasj\u0119","breadcrumb":{"@id":"https:\/\/oshpik.pl\/?page_id=167#breadcrumb"},"inLanguage":"pl-PL","potentialAction":[{"@type":"ReadAction","target":["https:\/\/oshpik.pl\/?page_id=167"]}]},{"@type":"BreadcrumbList","@id":"https:\/\/oshpik.pl\/?page_id=167#breadcrumb","itemListElement":[{"@type":"ListItem","position":1,"name":"Strona g\u0142\u00f3wna","item":"https:\/\/oshpik.pl\/"},{"@type":"ListItem","position":2,"name":"Deklaracja Cz\u0142onkowska"}]},{"@type":"WebSite","@id":"https:\/\/oshpik.pl\/#website","url":"https:\/\/oshpik.pl\/","name":"OSHPiK","description":"Jeste\u015bmy tutaj dla Ciebie","publisher":{"@id":"https:\/\/oshpik.pl\/#organization"},"alternateName":"Opolskie Stowarzyszenie Hodowc\u00f3w Ps\u00f3w i Kot\u00f3w","potentialAction":[{"@type":"SearchAction","target":{"@type":"EntryPoint","urlTemplate":"https:\/\/oshpik.pl\/?s={search_term_string}"},"query-input":{"@type":"PropertyValueSpecification","valueRequired":true,"valueName":"search_term_string"}}],"inLanguage":"pl-PL"},{"@type":"Organization","@id":"https:\/\/oshpik.pl\/#organization","name":"Opolskie Stowarzyszenie Hodowc\u00f3w Ps\u00f3w i Kot\u00f3w","alternateName":"OSHPiK","url":"https:\/\/oshpik.pl\/","logo":{"@type":"ImageObject","inLanguage":"pl-PL","@id":"https:\/\/oshpik.pl\/#\/schema\/logo\/image\/","url":"https:\/\/oshpik.pl\/wp-content\/uploads\/2024\/05\/cropped-OSHPiK-LOGO.png","contentUrl":"https:\/\/oshpik.pl\/wp-content\/uploads\/2024\/05\/cropped-OSHPiK-LOGO.png","width":512,"height":512,"caption":"Opolskie Stowarzyszenie Hodowc\u00f3w Ps\u00f3w i Kot\u00f3w"},"image":{"@id":"https:\/\/oshpik.pl\/#\/schema\/logo\/image\/"}}]}},"_links":{"self":[{"href":"https:\/\/oshpik.pl\/index.php?rest_route=\/wp\/v2\/pages\/167","targetHints":{"allow":["GET"]}}],"collection":[{"href":"https:\/\/oshpik.pl\/index.php?rest_route=\/wp\/v2\/pages"}],"about":[{"href":"https:\/\/oshpik.pl\/index.php?rest_route=\/wp\/v2\/types\/page"}],"author":[{"embeddable":true,"href":"https:\/\/oshpik.pl\/index.php?rest_route=\/wp\/v2\/users\/1"}],"replies":[{"embeddable":true,"href":"https:\/\/oshpik.pl\/index.php?rest_route=%2Fwp%2Fv2%2Fcomments&post=167"}],"version-history":[{"count":2,"href":"https:\/\/oshpik.pl\/index.php?rest_route=\/wp\/v2\/pages\/167\/revisions"}],"predecessor-version":[{"id":191,"href":"https:\/\/oshpik.pl\/index.php?rest_route=\/wp\/v2\/pages\/167\/revisions\/191"}],"wp:attachment":[{"href":"https:\/\/oshpik.pl\/index.php?rest_route=%2Fwp%2Fv2%2Fmedia&parent=167"}],"curies":[{"name":"wp","href":"https:\/\/api.w.org\/{rel}","templated":true}]}}